{"id":4730,"date":"2023-03-23T14:04:04","date_gmt":"2023-03-23T13:04:04","guid":{"rendered":"https:\/\/thermal-wellness.com\/?page_id=4730"},"modified":"2025-01-10T18:45:42","modified_gmt":"2025-01-10T17:45:42","slug":"offerta-speciale-mid-week","status":"publish","type":"page","link":"https:\/\/thermal-wellness.com\/de\/offerte\/offerta-speciale-mid-week\/","title":{"rendered":"Offerta speciale Mid Week"},"content":{"rendered":"<div data-elementor-type=\"wp-page\" data-elementor-id=\"4730\" class=\"elementor elementor-4730\" data-elementor-post-type=\"page\">\n\t\t\t\t\t\t<section class=\"elementor-section elementor-top-section elementor-element elementor-element-34449a0 elementor-section-full_width elementor-section-content-middle elementor-section-height-default elementor-section-height-default\" data-id=\"34449a0\" data-element_type=\"section\">\n\t\t\t\t\t\t<div class=\"elementor-container elementor-column-gap-default\">\n\t\t\t\t\t<div class=\"elementor-column elementor-col-50 elementor-top-column elementor-element elementor-element-e91fede\" data-id=\"e91fede\" data-element_type=\"column\" data-settings=\"{&quot;background_background&quot;:&quot;classic&quot;}\">\n\t\t\t<div class=\"elementor-widget-wrap elementor-element-populated\">\n\t\t\t\t\t\t<div class=\"elementor-element elementor-element-8509e4b elementor-widget elementor-widget-spacer\" data-id=\"8509e4b\" data-element_type=\"widget\" data-widget_type=\"spacer.default\">\n\t\t\t\t<div class=\"elementor-widget-container\">\n\t\t\t\t\t\t\t<div class=\"elementor-spacer\">\n\t\t\t<div class=\"elementor-spacer-inner\"><\/div>\n\t\t<\/div>\n\t\t\t\t\t\t<\/div>\n\t\t\t\t<\/div>\n\t\t\t\t\t<\/div>\n\t\t<\/div>\n\t\t\t\t<div class=\"elementor-column elementor-col-50 elementor-top-column elementor-element elementor-element-8ca8e9c\" data-id=\"8ca8e9c\" data-element_type=\"column\">\n\t\t\t<div class=\"elementor-widget-wrap elementor-element-populated\">\n\t\t\t\t\t\t<div class=\"elementor-element elementor-element-a7ea5f5 elementor-widget elementor-widget-spacer\" data-id=\"a7ea5f5\" data-element_type=\"widget\" data-widget_type=\"spacer.default\">\n\t\t\t\t<div class=\"elementor-widget-container\">\n\t\t\t\t\t\t\t<div class=\"elementor-spacer\">\n\t\t\t<div class=\"elementor-spacer-inner\"><\/div>\n\t\t<\/div>\n\t\t\t\t\t\t<\/div>\n\t\t\t\t<\/div>\n\t\t\t\t<div class=\"elementor-element elementor-element-c82dedc elementor-widget elementor-widget-heading\" data-id=\"c82dedc\" data-element_type=\"widget\" data-widget_type=\"heading.default\">\n\t\t\t\t<div class=\"elementor-widget-container\">\n\t\t\t\t\t<h2 class=\"elementor-heading-title elementor-size-default\">Spezialangebot Mid Week<\/h2>\t\t\t\t<\/div>\n\t\t\t\t<\/div>\n\t\t\t\t<div class=\"elementor-element elementor-element-60e8321 elementor-widget elementor-widget-text-editor\" data-id=\"60e8321\" data-element_type=\"widget\" data-widget_type=\"text-editor.default\">\n\t\t\t\t<div class=\"elementor-widget-container\">\n\t\t\t\t\t\t\t\t\t<p>4 N\u00e4chte Vollpension ab 380,00 \u20ac pro Person<br \/>Offerta valida dal luned\u00ec al venerd\u00ec fino al 22.12.2024<\/p>\t\t\t\t\t\t\t\t<\/div>\n\t\t\t\t<\/div>\n\t\t\t\t<div class=\"elementor-element elementor-element-d4fa9cf elementor-widget elementor-widget-text-editor\" data-id=\"d4fa9cf\" data-element_type=\"widget\" data-widget_type=\"text-editor.default\">\n\t\t\t\t<div class=\"elementor-widget-container\">\n\t\t\t\t\t\t\t\t\t<div>Der Preis beinhaltet:<\/div>\n<p><span style=\"background-color: transparent;\">- 4 N\u00e4chte Aufenthalt <b>mit Halbpension pro Person<\/b> in einem Doppelzimmer&nbsp;<\/span><br><br><span style=\"background-color: transparent;\">Inklusive Dienstleistungen:<\/span><br><\/p>\n<p style=\"background-color: transparent; margin-bottom: 0cm;\">- Mediterraner Park von 5000 Quadratmetern<\/p>\n<p style=\"background-color: transparent; margin-bottom: 0cm;\" class=\"translation-block\">- Zugang zu den 3 Thermalbecken: 1 Au\u00dfenbecken, 1 Innenbecken und 1 mit dem \u00c4u\u00dfenbereich verbundenes Becken<\/p>\n<p style=\"background-color: transparent; margin-bottom: 0cm;\">- Whirlpool-Badewanne<\/p>\n<p style=\"background-color: transparent; margin-bottom: 0cm;\">\n<\/p><p style=\"background-color: transparent; margin-bottom: 0cm;\">- Hochtemperatur-Thermaldampfbad<\/p>\n<p style=\"background-color: transparent; margin-bottom: 0cm;\">- Finnische Sauna mit rosa Himalayasalz<\/p>\n<ul>\n<\/ul>\t\t\t\t\t\t\t\t<\/div>\n\t\t\t\t<\/div>\n\t\t\t\t<div class=\"elementor-element elementor-element-18b5b94 elementor-widget elementor-widget-text-editor\" data-id=\"18b5b94\" data-element_type=\"widget\" data-no-translation=\"\" data-widget_type=\"text-editor.default\">\n\t\t\t\t<div class=\"elementor-widget-container\">\n\t\t\t\t\t<style>.elementor-element-18b5b94{display:none !important}<\/style>\t\t\t\t<\/div>\n\t\t\t\t<\/div>\n\t\t\t\t<div class=\"elementor-element elementor-element-7b0df67 elementor-align-left elementor-widget__width-inherit elementor-list-item-link-full_width elementor-widget elementor-widget-icon-list\" data-id=\"7b0df67\" data-element_type=\"widget\" data-widget_type=\"icon-list.default\">\n\t\t\t\t<div class=\"elementor-widget-container\">\n\t\t\t\t\t\t\t<ul class=\"elementor-icon-list-items\">\n\t\t\t\t\t\t\t<li class=\"elementor-icon-list-item\">\n\t\t\t\t\t\t\t\t\t\t<span class=\"elementor-icon-list-text\">F\u00fcr weitere Informationen und zur Buchung:<\/span>\n\t\t\t\t\t\t\t\t\t<\/li>\n\t\t\t\t\t\t\t\t<li class=\"elementor-icon-list-item\">\n\t\t\t\t\t\t\t\t\t\t\t<a href=\"tel:+39049793333\">\n\n\t\t\t\t\t\t\t\t\t\t\t\t<span class=\"elementor-icon-list-icon\">\n\t\t\t\t\t\t\t<i aria-hidden=\"true\" class=\"fas fa-phone\"><\/i>\t\t\t\t\t\t<\/span>\n\t\t\t\t\t\t\t\t\t\t<span class=\"elementor-icon-list-text\">+39 049 793333<\/span>\n\t\t\t\t\t\t\t\t\t\t\t<\/a>\n\t\t\t\t\t\t\t\t\t<\/li>\n\t\t\t\t\t\t\t\t<li class=\"elementor-icon-list-item\">\n\t\t\t\t\t\t\t\t\t\t\t<a href=\"mailto:info@thermal-wellness.com\">\n\n\t\t\t\t\t\t\t\t\t\t\t\t<span class=\"elementor-icon-list-icon\">\n\t\t\t\t\t\t\t<i aria-hidden=\"true\" class=\"far fa-envelope\"><\/i>\t\t\t\t\t\t<\/span>\n\t\t\t\t\t\t\t\t\t\t<span class=\"elementor-icon-list-text\">info@thermal-wellness.com<\/span>\n\t\t\t\t\t\t\t\t\t\t\t<\/a>\n\t\t\t\t\t\t\t\t\t<\/li>\n\t\t\t\t\t\t<\/ul>\n\t\t\t\t\t\t<\/div>\n\t\t\t\t<\/div>\n\t\t\t\t<section class=\"elementor-section elementor-inner-section elementor-element elementor-element-818159c elementor-section-boxed elementor-section-height-default elementor-section-height-default\" data-id=\"818159c\" data-element_type=\"section\">\n\t\t\t\t\t\t<div class=\"elementor-container elementor-column-gap-default\">\n\t\t\t\t\t<div class=\"elementor-column elementor-col-100 elementor-inner-column elementor-element elementor-element-46f9c07\" data-id=\"46f9c07\" data-element_type=\"column\">\n\t\t\t<div class=\"elementor-widget-wrap elementor-element-populated\">\n\t\t\t\t\t\t<div class=\"elementor-element elementor-element-a5227d4 elementor-align-left elementor-widget__width-auto elementor-widget elementor-widget-button\" data-id=\"a5227d4\" data-element_type=\"widget\" data-widget_type=\"button.default\">\n\t\t\t\t<div class=\"elementor-widget-container\">\n\t\t\t\t\t\t\t\t\t<div class=\"elementor-button-wrapper\">\n\t\t\t\t\t<a class=\"elementor-button elementor-button-link elementor-size-sm\" href=\"#elementor-action%3Aaction%3Dpopup%3Aopen%26settings%3DeyJpZCI6IjM0MzgiLCJ0b2dnbGUiOmZhbHNlfQ%3D%3D\">\n\t\t\t\t\t\t<span class=\"elementor-button-content-wrapper\">\n\t\t\t\t\t\t\t\t\t<span class=\"elementor-button-text\">Anfrage<\/span>\n\t\t\t\t\t<\/span>\n\t\t\t\t\t<\/a>\n\t\t\t\t<\/div>\n\t\t\t\t\t\t\t\t<\/div>\n\t\t\t\t<\/div>\n\t\t\t\t\t<\/div>\n\t\t<\/div>\n\t\t\t\t\t<\/div>\n\t\t<\/section>\n\t\t\t\t<div class=\"elementor-element elementor-element-cb162a8 elementor-widget elementor-widget-spacer\" data-id=\"cb162a8\" data-element_type=\"widget\" data-widget_type=\"spacer.default\">\n\t\t\t\t<div class=\"elementor-widget-container\">\n\t\t\t\t\t\t\t<div class=\"elementor-spacer\">\n\t\t\t<div class=\"elementor-spacer-inner\"><\/div>\n\t\t<\/div>\n\t\t\t\t\t\t<\/div>\n\t\t\t\t<\/div>\n\t\t\t\t\t<\/div>\n\t\t<\/div>\n\t\t\t\t\t<\/div>\n\t\t<\/section>\n\t\t\t\t<\/div>","protected":false},"excerpt":{"rendered":"<p>Offerta Speciale Mid Week 4 notti in pensione completa da 380,00 \u20ac a personaOfferta valida dal luned\u00ec al venerd\u00ec fino al 22.12.2024 La tariffa comprende: &#8211; Soggiorno di 4 notti con trattamento di pensione completa a persona in camera doppia&nbsp; Servizi inclusi: &#8211; Parco mediterraneo di 5000 mq &#8211; Accesso alle 3 piscine termali: 1 [&hellip;]<\/p>","protected":false},"author":1,"featured_media":0,"parent":1116,"menu_order":0,"comment_status":"closed","ping_status":"closed","template":"elementor_header_footer","meta":{"footnotes":""},"class_list":["post-4730","page","type-page","status-publish","hentry"],"_links":{"self":[{"href":"https:\/\/thermal-wellness.com\/de\/wp-json\/wp\/v2\/pages\/4730","targetHints":{"allow":["GET"]}}],"collection":[{"href":"https:\/\/thermal-wellness.com\/de\/wp-json\/wp\/v2\/pages"}],"about":[{"href":"https:\/\/thermal-wellness.com\/de\/wp-json\/wp\/v2\/types\/page"}],"author":[{"embeddable":true,"href":"https:\/\/thermal-wellness.com\/de\/wp-json\/wp\/v2\/users\/1"}],"replies":[{"embeddable":true,"href":"https:\/\/thermal-wellness.com\/de\/wp-json\/wp\/v2\/comments?post=4730"}],"version-history":[{"count":33,"href":"https:\/\/thermal-wellness.com\/de\/wp-json\/wp\/v2\/pages\/4730\/revisions"}],"predecessor-version":[{"id":5636,"href":"https:\/\/thermal-wellness.com\/de\/wp-json\/wp\/v2\/pages\/4730\/revisions\/5636"}],"up":[{"embeddable":true,"href":"https:\/\/thermal-wellness.com\/de\/wp-json\/wp\/v2\/pages\/1116"}],"wp:attachment":[{"href":"https:\/\/thermal-wellness.com\/de\/wp-json\/wp\/v2\/media?parent=4730"}],"curies":[{"name":"wp","href":"https:\/\/api.w.org\/{rel}","templated":true}]}}